{"id":176,"date":"2024-02-18T23:12:33","date_gmt":"2024-02-18T23:12:33","guid":{"rendered":"https:\/\/milenajoerger.com\/?page_id=176"},"modified":"2024-03-09T20:54:15","modified_gmt":"2024-03-09T20:54:15","slug":"ueber-mich","status":"publish","type":"page","link":"https:\/\/milenajoerger.com\/it\/ueber-mich\/","title":{"rendered":"Chi sono"},"content":{"rendered":"<div data-elementor-type=\"wp-page\" data-elementor-id=\"176\" class=\"elementor elementor-176\" data-elementor-post-type=\"page\">\n\t\t\t\t<div class=\"elementor-element elementor-element-35ab2e84 e-con-full elementor-hidden-mobile e-flex e-con e-parent\" data-id=\"35ab2e84\" data-element_type=\"container\" data-settings=\"{&quot;background_background&quot;:&quot;classic&quot;}\">\n\t\t<div class=\"elementor-element elementor-element-5957a51a e-con-full e-flex e-con e-child\" data-id=\"5957a51a\" data-element_type=\"container\" data-settings=\"{&quot;background_background&quot;:&quot;gradient&quot;,&quot;shape_divider_bottom&quot;:&quot;triangle&quot;,&quot;shape_divider_bottom_negative&quot;:&quot;yes&quot;}\">\n\t\t\t\t<div class=\"elementor-shape elementor-shape-bottom\" data-negative=\"true\">\n\t\t\t<svg xmlns=\"http:\/\/www.w3.org\/2000\/svg\" viewbox=\"0 0 1000 100\" preserveaspectratio=\"none\">\n\t<path class=\"elementor-shape-fill\" d=\"M500.2,94.7L0,0v100h1000V0L500.2,94.7z\"\/>\n<\/svg>\t\t<\/div>\n\t\t\t\t<div class=\"elementor-element elementor-element-bc499e6 elementor-widget elementor-widget-heading\" data-id=\"bc499e6\" data-element_type=\"widget\" data-widget_type=\"heading.default\">\n\t\t\t\t<div class=\"elementor-widget-container\">\n\t\t\t\t\t<h1 class=\"elementor-heading-title elementor-size-default\">Chi sono<\/h1>\t\t\t\t<\/div>\n\t\t\t\t<\/div>\n\t\t\t\t<\/div>\n\t\t\t\t<\/div>\n\t\t<div class=\"elementor-element elementor-element-17f12a0 e-con-full e-flex e-con e-parent\" data-id=\"17f12a0\" data-element_type=\"container\">\n\t\t<div class=\"elementor-element elementor-element-1581ca4 e-con-full e-flex e-con e-child\" data-id=\"1581ca4\" data-element_type=\"container\">\n\t\t\t\t<div class=\"elementor-element elementor-element-d7d6b46 elementor-widget elementor-widget-image\" data-id=\"d7d6b46\" data-element_type=\"widget\" data-widget_type=\"image.default\">\n\t\t\t\t<div class=\"elementor-widget-container\">\n\t\t\t\t\t\t\t\t\t\t\t\t\t\t\t<img fetchpriority=\"high\" decoding=\"async\" width=\"800\" height=\"534\" src=\"https:\/\/milenajoerger.com\/wp-content\/uploads\/2024\/02\/05_X7A4189-Internetdatei-1024x683.jpg\" class=\"attachment-large size-large wp-image-287\" alt=\"Milena Joerger f\u00fcttert ein Pferd auf der Weide im Sommer - eine enge Verbindung\" srcset=\"https:\/\/milenajoerger.com\/wp-content\/uploads\/2024\/02\/05_X7A4189-Internetdatei-1024x683.jpg 1024w, https:\/\/milenajoerger.com\/wp-content\/uploads\/2024\/02\/05_X7A4189-Internetdatei-300x200.jpg 300w, https:\/\/milenajoerger.com\/wp-content\/uploads\/2024\/02\/05_X7A4189-Internetdatei-768x512.jpg 768w, https:\/\/milenajoerger.com\/wp-content\/uploads\/2024\/02\/05_X7A4189-Internetdatei-1536x1025.jpg 1536w, https:\/\/milenajoerger.com\/wp-content\/uploads\/2024\/02\/05_X7A4189-Internetdatei.jpg 1874w\" sizes=\"(max-width: 800px) 100vw, 800px\" \/>\t\t\t\t\t\t\t\t\t\t\t\t\t\t\t<\/div>\n\t\t\t\t<\/div>\n\t\t\t\t<div class=\"elementor-element elementor-element-b4e8d41 elementor-hidden-mobile elementor-widget elementor-widget-image\" data-id=\"b4e8d41\" data-element_type=\"widget\" data-widget_type=\"image.default\">\n\t\t\t\t<div class=\"elementor-widget-container\">\n\t\t\t\t\t\t\t\t\t\t\t\t\t\t\t<img decoding=\"async\" width=\"800\" height=\"600\" src=\"https:\/\/milenajoerger.com\/wp-content\/uploads\/2024\/02\/IMG_8415-1024x768.jpg\" class=\"attachment-large size-large wp-image-78\" alt=\"Milena Joerger beim Springreiten mit ihrem Pferd\" srcset=\"https:\/\/milenajoerger.com\/wp-content\/uploads\/2024\/02\/IMG_8415-1024x768.jpg 1024w, https:\/\/milenajoerger.com\/wp-content\/uploads\/2024\/02\/IMG_8415-300x225.jpg 300w, https:\/\/milenajoerger.com\/wp-content\/uploads\/2024\/02\/IMG_8415-768x576.jpg 768w, https:\/\/milenajoerger.com\/wp-content\/uploads\/2024\/02\/IMG_8415-1536x1152.jpg 1536w, https:\/\/milenajoerger.com\/wp-content\/uploads\/2024\/02\/IMG_8415.jpg 1632w\" sizes=\"(max-width: 800px) 100vw, 800px\" \/>\t\t\t\t\t\t\t\t\t\t\t\t\t\t\t<\/div>\n\t\t\t\t<\/div>\n\t\t\t\t<div class=\"elementor-element elementor-element-2f8c596 elementor-hidden-mobile elementor-widget elementor-widget-image\" data-id=\"2f8c596\" data-element_type=\"widget\" data-widget_type=\"image.default\">\n\t\t\t\t<div class=\"elementor-widget-container\">\n\t\t\t\t\t\t\t\t\t\t\t\t\t\t\t<img decoding=\"async\" width=\"800\" height=\"739\" src=\"https:\/\/milenajoerger.com\/wp-content\/uploads\/2024\/02\/foto-mischa-1.jpg\" class=\"attachment-large size-large wp-image-74\" alt=\"Ein Rottweiler liegt entspannt auf der Wiese im Winter\" srcset=\"https:\/\/milenajoerger.com\/wp-content\/uploads\/2024\/02\/foto-mischa-1.jpg 960w, https:\/\/milenajoerger.com\/wp-content\/uploads\/2024\/02\/foto-mischa-1-300x277.jpg 300w, https:\/\/milenajoerger.com\/wp-content\/uploads\/2024\/02\/foto-mischa-1-768x710.jpg 768w\" sizes=\"(max-width: 800px) 100vw, 800px\" \/>\t\t\t\t\t\t\t\t\t\t\t\t\t\t\t<\/div>\n\t\t\t\t<\/div>\n\t\t\t\t<div class=\"elementor-element elementor-element-c762b06 elementor-hidden-mobile elementor-widget elementor-widget-image\" data-id=\"c762b06\" data-element_type=\"widget\" data-widget_type=\"image.default\">\n\t\t\t\t<div class=\"elementor-widget-container\">\n\t\t\t\t\t\t\t\t\t\t\t\t\t\t\t<img loading=\"lazy\" decoding=\"async\" width=\"768\" height=\"1024\" src=\"https:\/\/milenajoerger.com\/wp-content\/uploads\/2024\/02\/IMG_9384-768x1024.jpg\" class=\"attachment-large size-large wp-image-83\" alt=\"Ein Papagei w\u00e4hrend einer Tierkommunikation\" srcset=\"https:\/\/milenajoerger.com\/wp-content\/uploads\/2024\/02\/IMG_9384-768x1024.jpg 768w, https:\/\/milenajoerger.com\/wp-content\/uploads\/2024\/02\/IMG_9384-225x300.jpg 225w, https:\/\/milenajoerger.com\/wp-content\/uploads\/2024\/02\/IMG_9384-1152x1536.jpg 1152w, https:\/\/milenajoerger.com\/wp-content\/uploads\/2024\/02\/IMG_9384.jpg 1200w\" sizes=\"(max-width: 768px) 100vw, 768px\" \/>\t\t\t\t\t\t\t\t\t\t\t\t\t\t\t<\/div>\n\t\t\t\t<\/div>\n\t\t\t\t<\/div>\n\t\t<div class=\"elementor-element elementor-element-26734c4 e-con-full e-flex e-con e-child\" data-id=\"26734c4\" data-element_type=\"container\" data-settings=\"{&quot;background_background&quot;:&quot;gradient&quot;}\">\n\t\t\t\t<div class=\"elementor-element elementor-element-692b474 elementor-widget elementor-widget-heading\" data-id=\"692b474\" data-element_type=\"widget\" data-widget_type=\"heading.default\">\n\t\t\t\t<div class=\"elementor-widget-container\">\n\t\t\t\t\t<h2 class=\"elementor-heading-title elementor-size-default\">Autobiografia<\/h2>\t\t\t\t<\/div>\n\t\t\t\t<\/div>\n\t\t\t\t<div class=\"elementor-element elementor-element-6344499 elementor-widget elementor-widget-text-editor\" data-id=\"6344499\" data-element_type=\"widget\" data-widget_type=\"text-editor.default\">\n\t\t\t\t<div class=\"elementor-widget-container\">\n\t\t\t\t\t\t\t\t\t<p>Sono nata e cresciuta in Ticino nel 1964, attorniata sempre da tantissime specie di animali, cani, gatti, cavalli, pony, anatre, oche, galline, piccioni, maiali, pesci, davvero un innumerevole tipi di animali e un allevamento di cani di razza Schnauzer e Alani, oltre alla pensione per cani.<\/p><p>\u00a0<\/p><p>Non perdevo occasione per essere con i miei animali e in contatto con la natura. La mia passione poi prese una direzione pi\u00f9 specifica per cani e cavalli.<\/p><p>Sin da piccola mi divertivo a far lavorare i cani giocando insegnandogli dei trucchetti.<\/p><p>A cavallo inizialmente montavo in maneggio per poi uscire in passeggiata, col tempo non fu solo la mia passione e, divent\u00f2 il mio sport praticato a livello agonistico.<\/p><p>Ho avuto 4 cavalli per diversi anni, dedicandomi ai concorsi di salto e addestramento con grande soddisfazione e ottimi risultati. Di seguito anche con i cani partecipai a diversi concorsi di obbedienza e pista, grande arricchimento mi ha portato nella mia vita.<\/p><p>\u00a0<\/p><p>Una svolta nella mia vita privata mi ha portato a fare dei cambiamenti cos\u00ec che ho dedicato il tempo maggiormente ai cani.<\/p><p>La passione per gli animali, la mia sempre pi\u00f9 profonda sensibilit\u00e0, la sensazione inconscia di volerli capire e aiutarli fino in fondo sia fisicamente che per la loro emozioni, mi hanno portato a diplomarmi in diversi settori quali, fiori di Bach, educatore cinofilo, l'Accademia per l\u2019alimentazione specifica per cani e,  la scuola per la comunicazione telepatica per finire con una formazione di chinesiologia e scioglimento di emozioni bloccate. In particolar modo mi dedicher\u00f2 ai cavalli, ma non solo.<\/p><p>I miei studi erano mirati sempre al benessere psico-fisico in particolare del cane e del cavallo.<\/p><p>\u00a0<\/p><p>La comunicazione telepatica \u00e8 il mondo per il quale ho una particolare attrazione. La stessa \u00e8 un modo di comunicare tra due esseri da anima ad anima e avviene tramite emozioni, pensieri, immagini o parole.<\/p><p>Spesso notiamo degli atteggiamenti anomali nei nostri animali e pensiamo sia un caso o indice di qualche malattia nascosta, ma non \u00e8 propriamente cos\u00ec. Dobbiamo interpretare i loro segnali.<\/p><p>\u00a0<\/p><p>Sono orgogliosa del mio percorso passato ma pure presente, non mi fermo mai perch\u00e9 il benessere dell\u2019animale specifico del cane e del cavallo cresce e si evolve sempre e io voglio sentirmi sempre all'avanguardia.\u00a0<\/p><p>Grazie ai risultati positivi ottenuti finora per i diversi casi risolti, ho preso molta fiducia e sicurezza per continuare.<\/p><p>Che sia per il comportamento o per trovare il giusto equilibrio pisco-fisico attraverso la comunicazione telepatica e altri metodi come Emotion Code, la chinesiologia, oli essenziali o i fiori di Bach , ho capito che questa \u00e8 la mia strada.<\/p><p>\u00a0<\/p><p>La mia passione \u00e8 diventata la mia professione e voglio continuare ad aiutare chi richiede il mio aiuto.<\/p>\t\t\t\t\t\t\t\t<\/div>\n\t\t\t\t<\/div>\n\t\t\t\t<\/div>\n\t\t\t\t<\/div>\n\t\t\t\t<\/div>","protected":false},"excerpt":{"rendered":"<p>\u00dcber mich Autobiografie Geboren und aufgewachsen bin ich 1964 in der Schweiz, immer umgeben von vielen Tierarten, Hunden, Katzen, Pferden, Ponys, Enten, G\u00e4nsen, H\u00fchnern, Tauben, Schweinen, Fischen, wirklich unz\u00e4hligen Tierarten und einem Rudel Schnauzer und Doggen, sowie einer Hundepension. \u00a0 Ich habe keine Gelegenheit ausgelassen, um mit meinen Tieren und der Natur in Kontakt zu [&hellip;]<\/p>","protected":false},"author":1,"featured_media":0,"parent":0,"menu_order":0,"comment_status":"closed","ping_status":"closed","template":"","meta":{"footnotes":""},"class_list":["post-176","page","type-page","status-publish","hentry"],"_links":{"self":[{"href":"https:\/\/milenajoerger.com\/it\/wp-json\/wp\/v2\/pages\/176","targetHints":{"allow":["GET"]}}],"collection":[{"href":"https:\/\/milenajoerger.com\/it\/wp-json\/wp\/v2\/pages"}],"about":[{"href":"https:\/\/milenajoerger.com\/it\/wp-json\/wp\/v2\/types\/page"}],"author":[{"embeddable":true,"href":"https:\/\/milenajoerger.com\/it\/wp-json\/wp\/v2\/users\/1"}],"replies":[{"embeddable":true,"href":"https:\/\/milenajoerger.com\/it\/wp-json\/wp\/v2\/comments?post=176"}],"version-history":[{"count":85,"href":"https:\/\/milenajoerger.com\/it\/wp-json\/wp\/v2\/pages\/176\/revisions"}],"predecessor-version":[{"id":1368,"href":"https:\/\/milenajoerger.com\/it\/wp-json\/wp\/v2\/pages\/176\/revisions\/1368"}],"wp:attachment":[{"href":"https:\/\/milenajoerger.com\/it\/wp-json\/wp\/v2\/media?parent=176"}],"curies":[{"name":"wp","href":"https:\/\/api.w.org\/{rel}","templated":true}]}}